{"id":106,"date":"2013-09-11T16:10:47","date_gmt":"2013-09-11T16:10:47","guid":{"rendered":"http:\/\/corodemusicaantiqua.com\/?page_id=106"},"modified":"2016-02-29T10:11:56","modified_gmt":"2016-02-29T09:11:56","slug":"enlaces-de-interes","status":"publish","type":"page","link":"https:\/\/corodemusicaantiqua.com\/?page_id=106","title":{"rendered":"Enlaces de Inter\u00e9s"},"content":{"rendered":"<p><span style=\"text-decoration: underline;\"><span style=\"color: #000080;\"><strong>P\u00e1ginas de partituras<\/strong><\/span><\/span><\/p>\n<p>Coral Public Domain Library:\u00a0 <a href=\"http:\/\/www3.cpdl.org\/wiki\/index.php\/Main_Page\" target=\"_blank\">http:\/\/www3.cpdl.org\/wiki\/index.php\/Main_Page<\/a><\/p>\n<p>Partituras Atril Coral: <a href=\"http:\/\/www.atrilcoral.com\/base_par_pdf.htm\" target=\"_blank\">http:\/\/www.atrilcoral.com\/base_par_pdf.htm<\/a><\/p>\n<p>Coro Solo Voces, archivo de partituras: <a href=\"http:\/\/www.solovoces.com\/page.php?18\" target=\"_blank\">http:\/\/www.solovoces.com\/page.php?18<\/a><\/p>\n<p>Partituras en Free-Scores.com:\u00a0<a href=\"http:\/\/www.free-scores.com\/free-sheet-music.php?CATEGORIE=270\" target=\"_blank\">http:\/\/www.free-scores.com\/free-sheet-music.php?CATEGORIE=270<\/a><\/p>\n<p><span style=\"text-decoration: underline;\"><span style=\"color: #000080;\"><strong>P\u00e1gina con la pronunciaci\u00f3n en Lat\u00edn de la Espa\u00f1a renacentista<\/strong><\/span><\/span><\/p>\n<p>Muchas de las obras que cantamos est\u00e1n en lat\u00edn, para facilitar la pronunciaci\u00f3n de esta lengua tal y como se cree que se hac\u00eda en la Espa\u00f1a del renacimiento (momento en el que se compusieron muchas de las obras que cantamos), se puede encontrar una gu\u00eda en el siguiente enlace:<strong><br \/>\n<\/strong><\/p>\n<p><a title=\"Pronunciaci\u00f3n del lat\u00edn en Espa\u00f1a\" href=\"http:\/\/ifc.dpz.es\/recursos\/publicaciones\/28\/97\/03estrada.pdf\">http:\/\/ifc.dpz.es\/recursos\/publicaciones\/28\/97\/03estrada.pdf<\/a><\/p>\n<p><span style=\"text-decoration: underline;\"><span style=\"color: #000080; text-decoration: underline;\"><strong>Programaci\u00f3n de Auditorios y Festivales de m\u00fasica<\/strong><\/span><\/span><\/p>\n<p>Auditorio Nacional (Madrid): <a href=\"http:\/\/www.auditorionacional.mcu.es\/programacion\/portada\" target=\"_blank\">http:\/\/www.auditorionacional.mcu.es\/programacion\/portada<\/a><\/p>\n<p>Auditorio de Le\u00f3n:\u00a0<a href=\"http:\/\/www.auditorioleon.es\/\" target=\"_blank\">http:\/\/www.auditorioleon.es<\/a><\/p>\n<p>Auditorio de Valladolid \u00abMiguel Delibes\u00bb: <a title=\"Auditorio Miguel Delibes\" href=\"http:\/\/www.auditoriomigueldelibes.com\/\" target=\"_blank\">http:\/\/www.auditoriomigueldelibes.com\/<\/a><\/p>\n<p>Salamanca, Ciudad de Cultura y Saberes (CAEM): <a href=\"http:\/\/www.ciudaddecultura.org\/programacion\/escena\/venueevents\/2-caem-centro-de-las-artes-escenicas-y-de-la-musica.html\">http:\/\/www.ciudaddecultura.org\/programacion\/escena\/venueevents\/2-caem-centro-de-las-artes-escenicas-y-de-la-musica.html<\/a><\/p>\n<p>Festival P\u00f3rtico de Zamora: <a href=\"http:\/\/www.porticozamora.es\/\" target=\"_blank\">http:\/\/www.porticozamora.es\/<\/a><\/p>\n<p>Festival Internacional de \u00f3rgano \u00abCatedral de Le\u00f3n\u00bb: <a href=\"http:\/\/www.fiocle.org\/\" target=\"_blank\">http:\/\/www.fiocle.org\/<\/a><\/p>\n<p>Ciclo \u00abSalamanca Barroca\u00bb: <a title=\"Salamanca Barroca\" href=\"http:\/\/sac.usal.es\/salamancabarroca\" target=\"_blank\">http:\/\/sac.usal.es\/salamancabarroca<\/a><\/p>\n<p><span style=\"text-decoration: underline;\"><span style=\"color: #000080;\"><strong>Formaci\u00f3n musical<\/strong><\/span><\/span><\/p>\n<p>Fundaci\u00f3n Eutherpe:\u00a0<a href=\"http:\/\/www.fundacioneutherpe.com\/\" target=\"_blank\">http:\/\/www.fundacioneutherpe.com\/<\/a><\/p>\n<p>Conservatorio profesional de m\u00fasica de Salamanca: <a href=\"http:\/\/conservatoriosalamanca.centros.educa.jcyl.es\/\" target=\"_blank\">http:\/\/conservatoriosalamanca.centros.educa.jcyl.es\/<\/a><\/p>\n<p>Escuela de m\u00fasica Sirinx, Salamanca: <a href=\"http:\/\/www.emsirinx.com\/\" target=\"_blank\">http:\/\/www.emsirinx.com\/<\/a><\/p>\n<p>Escuela de m\u00fasica Antonio Machado, Salamanca: <a href=\"http:\/\/www.musicantoniomachado.es\/\" target=\"_blank\">http:\/\/www.musicantoniomachado.es\/<\/a><\/p>\n<p>&nbsp;<\/p>\n<p>&nbsp;<\/p>\n<p>&nbsp;<\/p>\n<p>&nbsp;<\/p>\n<p>&nbsp;<\/p>\n","protected":false},"excerpt":{"rendered":"<p>P\u00e1ginas de partituras Coral Public Domain Library:\u00a0 http:\/\/www3.cpdl.org\/wiki\/index.php\/Main_Page Partituras Atril Coral: http:\/\/www.atrilcoral.com\/base_par_pdf.htm Coro Solo Voces, archivo de partituras: http:\/\/www.solovoces.com\/page.php?18 Partituras en Free-Scores.com:\u00a0http:\/\/www.free-scores.com\/free-sheet-music.php?CATEGORIE=270 P\u00e1gina con la pronunciaci\u00f3n en Lat\u00edn de la Espa\u00f1a renacentista Muchas de las obras que cantamos est\u00e1n en &hellip; <a href=\"https:\/\/corodemusicaantiqua.com\/?page_id=106\">Sigue leyendo <span class=\"meta-nav\">&rarr;<\/span><\/a><\/p>\n","protected":false},"author":1,"featured_media":0,"parent":0,"menu_order":7,"comment_status":"open","ping_status":"closed","template":"","meta":{"footnotes":""},"class_list":["post-106","page","type-page","status-publish","hentry"],"_links":{"self":[{"href":"https:\/\/corodemusicaantiqua.com\/index.php?rest_route=\/wp\/v2\/pages\/106","targetHints":{"allow":["GET"]}}],"collection":[{"href":"https:\/\/corodemusicaantiqua.com\/index.php?rest_route=\/wp\/v2\/pages"}],"about":[{"href":"https:\/\/corodemusicaantiqua.com\/index.php?rest_route=\/wp\/v2\/types\/page"}],"author":[{"embeddable":true,"href":"https:\/\/corodemusicaantiqua.com\/index.php?rest_route=\/wp\/v2\/users\/1"}],"replies":[{"embeddable":true,"href":"https:\/\/corodemusicaantiqua.com\/index.php?rest_route=%2Fwp%2Fv2%2Fcomments&post=106"}],"version-history":[{"count":18,"href":"https:\/\/corodemusicaantiqua.com\/index.php?rest_route=\/wp\/v2\/pages\/106\/revisions"}],"predecessor-version":[{"id":195,"href":"https:\/\/corodemusicaantiqua.com\/index.php?rest_route=\/wp\/v2\/pages\/106\/revisions\/195"}],"wp:attachment":[{"href":"https:\/\/corodemusicaantiqua.com\/index.php?rest_route=%2Fwp%2Fv2%2Fmedia&parent=106"}],"curies":[{"name":"wp","href":"https:\/\/api.w.org\/{rel}","templated":true}]}}