{"id":2,"date":"2013-09-09T05:00:05","date_gmt":"2013-09-09T05:00:05","guid":{"rendered":"http:\/\/corodemusicaantiqua.com\/?page_id=2"},"modified":"2026-02-27T12:55:15","modified_gmt":"2026-02-27T11:55:15","slug":"sample-page","status":"publish","type":"page","link":"https:\/\/corodemusicaantiqua.com\/?page_id=2","title":{"rendered":"Bienvenida"},"content":{"rendered":"<p style=\"text-align: justify;\">Bienvenido\/a a la p\u00e1gina WEB de \u00abDe Mvsica Antiqva\u00bb, aqu\u00ed encontrar\u00e1 informaci\u00f3n actualizada sobre nuestro coro: proyectos, tipos de concierto que ofrecemos, tarifas para bodas y otros eventos, etc. Si desea contactar con nosotros por cualquier motivo (contratar un concierto, una boda o bautizo; formar parte de nuestro coro o informarse de pr\u00f3ximos eventos), por favor d\u00e9jenos un \u00abPost\u00bb o env\u00ede un correo a:<\/p>\n<p style=\"text-align: justify;\">corodemvsicaantiqva@yahoo.es<\/p>\n<p>Muchas gracias.<\/p>\n<p>Coro DMVA<\/p>\n<p><a href=\"http:\/\/corodemusicaantiqua.com\/wp-content\/uploads\/2013\/09\/Coventry-carol.mp3\">Coventry carol<\/a><\/p>\n","protected":false},"excerpt":{"rendered":"<p>Bienvenido\/a a la p\u00e1gina WEB de \u00abDe Mvsica Antiqva\u00bb, aqu\u00ed encontrar\u00e1 informaci\u00f3n actualizada sobre nuestro coro: proyectos, tipos de concierto que ofrecemos, tarifas para bodas y otros eventos, etc. Si desea contactar con nosotros por cualquier motivo (contratar un concierto, &hellip; <a href=\"https:\/\/corodemusicaantiqua.com\/?page_id=2\">Sigue leyendo <span class=\"meta-nav\">&rarr;<\/span><\/a><\/p>\n","protected":false},"author":1,"featured_media":1214,"parent":0,"menu_order":0,"comment_status":"open","ping_status":"open","template":"","meta":{"footnotes":""},"class_list":["post-2","page","type-page","status-publish","has-post-thumbnail","hentry"],"_links":{"self":[{"href":"https:\/\/corodemusicaantiqua.com\/index.php?rest_route=\/wp\/v2\/pages\/2","targetHints":{"allow":["GET"]}}],"collection":[{"href":"https:\/\/corodemusicaantiqua.com\/index.php?rest_route=\/wp\/v2\/pages"}],"about":[{"href":"https:\/\/corodemusicaantiqua.com\/index.php?rest_route=\/wp\/v2\/types\/page"}],"author":[{"embeddable":true,"href":"https:\/\/corodemusicaantiqua.com\/index.php?rest_route=\/wp\/v2\/users\/1"}],"replies":[{"embeddable":true,"href":"https:\/\/corodemusicaantiqua.com\/index.php?rest_route=%2Fwp%2Fv2%2Fcomments&post=2"}],"version-history":[{"count":9,"href":"https:\/\/corodemusicaantiqua.com\/index.php?rest_route=\/wp\/v2\/pages\/2\/revisions"}],"predecessor-version":[{"id":1215,"href":"https:\/\/corodemusicaantiqua.com\/index.php?rest_route=\/wp\/v2\/pages\/2\/revisions\/1215"}],"wp:featuredmedia":[{"embeddable":true,"href":"https:\/\/corodemusicaantiqua.com\/index.php?rest_route=\/wp\/v2\/media\/1214"}],"wp:attachment":[{"href":"https:\/\/corodemusicaantiqua.com\/index.php?rest_route=%2Fwp%2Fv2%2Fmedia&parent=2"}],"curies":[{"name":"wp","href":"https:\/\/api.w.org\/{rel}","templated":true}]}}