{"id":462,"date":"2019-08-22T17:12:39","date_gmt":"2019-08-22T15:12:39","guid":{"rendered":"http:\/\/corodemusicaantiqua.com\/?page_id=462"},"modified":"2019-08-23T11:19:16","modified_gmt":"2019-08-23T09:19:16","slug":"english","status":"publish","type":"page","link":"https:\/\/corodemusicaantiqua.com\/?page_id=462","title":{"rendered":"English"},"content":{"rendered":"<p style=\"text-align: justify;\">This is the Web page of \u00abDe Mvsica Antiqva\u00bb, a chamber choir located in Salamanca, Spain. In this section we summarize in english the info that you can find in spanish in the rest of our Web page:<\/p>\n<p style=\"text-align: justify;\"><span style=\"color: #800080;\"><strong>\u00a0Choir History:<\/strong><\/span><\/p>\n<p style=\"text-align: justify;\">\u201c<em>De Mvsica Antiqva<\/em>\u201d is an amateur group created in 2005, integrated by musicians and music lovers, that performs programs of works from authors as important as: Thomas Tallis, Palestrina, Tom\u00e1s Luis de Victoria or Crist\u00f3bal de Morales among others. We intend to select works that are not in the common repertoire of other local choirs and make them known to our public.<\/p>\n<p style=\"text-align: justify;\">The choir gave its first concert in spring 2006, and since then we have offered recitals in the provinces of Salamanca, Le\u00f3n, C\u00e1ceres, \u00c1vila, Vitoria and Zamora, collaborating with several local institutions. In addition, \u201cDe Mvsica Antiqva\u201d has participated in several religious events, such as the proclamation of Holy Week in Pe\u00f1aranda de Bracamonte,\u00a0 the celebration of the 5th centenary of the beginning of the construction of the New Cathedral of Salamanca (2013) or the Poet before the Cross of the year 2018.<\/p>\n<p style=\"text-align: justify;\">In addition to offering concerts in its more traditional style, the choir also offers other alternatives, such as the didactic concert, in which the basic concepts of the choral form are explained to children or old persons in a simple and enjoyable way. This type of concert has been offered at the Torrente Ballester Library, the auditorium of the City Council of Cabrerizos and at the pediatric wing of the University Hospital of Salamanca. Finally, the choir also offers thematic concerts, aimed at explaining to the public events or historical figures using the music that was composed in that era, using also texts and explanatory images.<\/p>\n<p style=\"text-align: justify;\">Some of the latest projects of De Mvsica Antiqva include, the concert given in the cathedral of Vitoria on October 15, 2016, the charity concert held in favor of the eradication of the Pian in the church of San Sebasti\u00e1n in summer 2017 or its performance at the first International Choir Festival of Anad\u00eda (Portugal) on November 18, 2017. More recently, the choir has collaborated with the soprano Mar\u00eda Espada in two charity concerts, in favor of Intermom-Oxfam and the Cancer Research Center of Salamanca on February 16 and October 30, 2018 respectively.<\/p>\n<p style=\"text-align: justify;\">Camino Berciano Ramos \u2013Conductor-<\/p>\n<p style=\"text-align: justify;\">She was born in Le\u00f3n and studied music at the Colegio Nuestra Se\u00f1ora del Carmen. She subsequently carried out specialization studies in the Kod\u00e1ly system at the Kod\u00e1ly Institute in Kecskem\u00e9t, Hungary. She has a degree in Music Sciences, is a piano teacher as well as teacher of music theory, and music pedagogy. She has taught at the Music Conservatory of Melilla, at the I.E.S. \u00abRusadir\u00bb (Melilla), at the IES \u00abLeonardo da Vinci\u00bb of Alba de Tormes (Salamanca) and at the Professional Conservatory of Music of Salamanca among others.<\/p>\n<p style=\"text-align: justify;\">He has been part of the University Choir of Le\u00f3n and the choir of the Kod\u00e1ly Institute in Kecskem\u00e9t, Hungary. In 2006, she became part of the Choir \u201cDe Mvsica Antiqva\u201d and from the summer of 2010 she began to work as director of the group.<br \/>\nMembers of the Choir (2019-2020)<\/p>\n<p style=\"text-align: justify;\">Sopranos:<br \/>\n&#8211; Deanna Garc\u00eda.<br \/>\n&#8211; Mar\u00eda del Pilar Porras Naval\u00f3n.<br \/>\n&#8211; Megumi Uemura.<br \/>\n&#8211; Ana Isabel Negro Dom\u00ednguez.<br \/>\n&#8211; Teresa Ramos Rioja.<br \/>\n&#8211; Rosa Garc\u00eda Cach\u00e1n.<\/p>\n<p style=\"text-align: justify;\">Altos:<br \/>\n&#8211; Mar\u00eda Elia Crespo L\u00f3pez.<br \/>\n&#8211; Mar\u00eda del Pilar Flores Cortina.<br \/>\n&#8211; Mar\u00eda L\u00f3pez de Lacalle Vegas.<br \/>\n&#8211; Mar\u00eda Dolores Plaza Mart\u00edn.<br \/>\n&#8211; Purificaci\u00f3n Y\u00e1\u00f1ez Bosque.<\/p>\n<p style=\"text-align: justify;\">Tenors:<br \/>\n&#8211; No\u00e9 Blanco S\u00e1nchez.<br \/>\n&#8211; Fernando S\u00e1nchez Miret.<br \/>\n&#8211; Angel Barba Marcos.<br \/>\n&#8211; Alberto Fern\u00e1ndez Medarde.<\/p>\n<p style=\"text-align: justify;\">Basses:<br \/>\n&#8211; Jos\u00e9 Antonio Mart\u00edn D\u00edaz.<br \/>\n&#8211; Eduardo de la Fuente Ciruelas.<br \/>\n&#8211; Luis S\u00e1nchez Tercero.<br \/>\n&#8211; Pedro Nu\u00f1o Rodr\u00edguez.<br \/>\n&#8211; Andr\u00e9s Torijano P\u00e9rez.<\/p>\n<p style=\"text-align: justify;\">If you want to join your name to this list, see the requirements below and contact us at: corodemvsicaantiqva@yahoo.com<\/p>\n<h1 style=\"text-align: justify;\"><span style=\"color: #800080;\"><strong>Our Music (audio files)<\/strong><\/span><\/h1>\n<p style=\"text-align: justify;\">Here we present some samples of our work (<a title=\"Nuestra m\u00fasica\" href=\"https:\/\/www.dropbox.com\/sh\/nwxks8r9m5muur6\/pyOAc6IbD1\" target=\"_blank\">Nuestra m\u00fasica<\/a> \u2013 Our music). We wish them to be of your liking. You can also listen to some of the chorus recordings on our YouTube channel: <a title=\"Canal Coro de mvsica antiqva\" href=\"http:\/\/www.youtube.com\/channel\/UCHbvCvYJjjD4eoIT9uPSUEQ\">http:\/\/www.youtube.com\/channel\/UCHbvCvYJjjD4eoIT9uPSUEQ<\/a><\/p>\n<p style=\"text-align: justify;\">Some samples of our music on other people&#8217;s YouTube channels:<br \/>\nCharity concert with soprano Mar\u00eda Espada &#8211; February 2018:<\/p>\n<p style=\"text-align: justify;\">\u2013 <a title=\"Entsagen\" href=\"https:\/\/youtu.be\/H_dwpBs5UC0\" target=\"_blank\">Entsagen.<\/a><\/p>\n<p style=\"text-align: justify;\">\u2013 <a title=\"H\u00f6r mein Bitten\" href=\"https:\/\/youtu.be\/YGj08e4Z8Ao\" target=\"_blank\">H\u00f6r mein Bitten.<\/a><\/p>\n<p style=\"text-align: justify;\"><a title=\"Charpentier 2016 \" href=\"https:\/\/youtu.be\/qpm_7r2S9RM\">Concierto<\/a> &#8211; Christmas 2016. Mass for Christmas night (Charpentier).<\/p>\n<p style=\"text-align: justify;\"><a href=\"https:\/\/m.youtube.com\/watch?v=R4LTG1nc6yI&amp;itct=CAkQpDAYCCITCJ2hxrqtntECFQLKFgodd_sMNzIHcmVsYXRlZEiXnK6ZsL-YpnU%3D\">Concierto<\/a> \u2013 Charity concert for the brotherhood of Veracruz.<\/p>\n<p style=\"text-align: justify;\"><a href=\"https:\/\/m.youtube.com\/watch?v=76HDbL93yuk\">Concierto<\/a> &#8211; Thematic concert Aldeatejada 2013.<\/p>\n<p style=\"text-align: justify;\"><a href=\"https:\/\/m.youtube.com\/watch?v=oAzRTycxgok\">Villancico y Misa Acordes<\/a> Liras &#8211; Villancico and Misa Acordes Liras along with musicians from the professional conservatory of Salamanca and singers from other choirs.<\/p>\n<p style=\"text-align: justify;\"><a href=\"https:\/\/m.youtube.com\/watch?v=dUxh-wMrjhc\">Ensayo<\/a> &#8211; Christmas concert rehearsal 2016.<\/p>\n<p style=\"text-align: justify;\"><span style=\"color: #800080;\"><strong>Do you want to sing with us?<\/strong><\/span><\/p>\n<p>Our choir rehearses in Salamanca (Spain) every Friday from 7:30 p.m. to 9:30 p.m., so obviously, if you can&#8217;t get close to Salamanca that day and at that time, unfortunately you won&#8217;t be able to join us. If you live in Salamanca or nearby, the schedule convinces you and you want to be part of a group with enthusiasm to do things right and have fun doing them, then your collaboration is welcome.<\/p>\n<p>Additional Requirements:<\/p>\n<p>1- Have an ear for music. Candidates will be tested to check their tuning.<\/p>\n<p>2- Have sung in a choir before or have musical knowledge. The choir has a rhythm of rehearsal and learning to which you must adapt. Normally if you have choral experience or musical knowledge, this adaptation is easier.<\/p>\n<p>In any case, the choir conductor will follow up the new members to observe their evolution, having the last word about their permanence in the choir.<\/p>\n<p>To contact us and arrange an audition, you will find us at:<\/p>\n<p>corodemvsicaantiqva@yahoo.es<\/p>\n<p>Thanks for your interest.<\/p>\n<p style=\"text-align: justify;\">DMVA choir.<\/p>\n","protected":false},"excerpt":{"rendered":"<p>This is the Web page of \u00abDe Mvsica Antiqva\u00bb, a chamber choir located in Salamanca, Spain. In this section we summarize in english the info that you can find in spanish in the rest of our Web page: \u00a0Choir History: &hellip; <a href=\"https:\/\/corodemusicaantiqua.com\/?page_id=462\">Sigue leyendo <span class=\"meta-nav\">&rarr;<\/span><\/a><\/p>\n","protected":false},"author":1,"featured_media":0,"parent":0,"menu_order":0,"comment_status":"open","ping_status":"open","template":"","meta":{"footnotes":""},"class_list":["post-462","page","type-page","status-publish","hentry"],"_links":{"self":[{"href":"https:\/\/corodemusicaantiqua.com\/index.php?rest_route=\/wp\/v2\/pages\/462","targetHints":{"allow":["GET"]}}],"collection":[{"href":"https:\/\/corodemusicaantiqua.com\/index.php?rest_route=\/wp\/v2\/pages"}],"about":[{"href":"https:\/\/corodemusicaantiqua.com\/index.php?rest_route=\/wp\/v2\/types\/page"}],"author":[{"embeddable":true,"href":"https:\/\/corodemusicaantiqua.com\/index.php?rest_route=\/wp\/v2\/users\/1"}],"replies":[{"embeddable":true,"href":"https:\/\/corodemusicaantiqua.com\/index.php?rest_route=%2Fwp%2Fv2%2Fcomments&post=462"}],"version-history":[{"count":9,"href":"https:\/\/corodemusicaantiqua.com\/index.php?rest_route=\/wp\/v2\/pages\/462\/revisions"}],"predecessor-version":[{"id":473,"href":"https:\/\/corodemusicaantiqua.com\/index.php?rest_route=\/wp\/v2\/pages\/462\/revisions\/473"}],"wp:attachment":[{"href":"https:\/\/corodemusicaantiqua.com\/index.php?rest_route=%2Fwp%2Fv2%2Fmedia&parent=462"}],"curies":[{"name":"wp","href":"https:\/\/api.w.org\/{rel}","templated":true}]}}