{"id":78,"date":"2013-09-09T12:08:07","date_gmt":"2013-09-09T12:08:07","guid":{"rendered":"http:\/\/corodemusicaantiqua.com\/?page_id=78"},"modified":"2025-04-24T22:02:35","modified_gmt":"2025-04-24T20:02:35","slug":"nuestros-servicios","status":"publish","type":"page","link":"https:\/\/corodemusicaantiqua.com\/?page_id=78","title":{"rendered":"Nuestros servicios"},"content":{"rendered":"<p style=\"text-align: justify;\">El Coro \u00ab<em>De Mvsica Antiqva<\/em>\u00bb ofrece diversos tipos de conciertos\/actuaciones que pueden ser contratados, aunque dependiendo de las necesidades podemos adecuar dichas actuaciones a lo que se nos pida. Las tarifas del coro dependen del tipo de concierto y de d\u00f3nde se quiera realizar, por lo que para concretar precios y disponibilidad rogamos que se pongan en contacto con nosotros en:<\/p>\n<p style=\"text-align: justify;\">corodemvsicaantiqva@yahoo.es<\/p>\n<p style=\"text-align: justify;\">O a trav\u00e9s del tel\u00e9fono: 696660286<\/p>\n<h1><strong>Actuaciones que realizamos<\/strong>:<\/h1>\n<p style=\"text-align: justify;\"><span style=\"color: #0000ff;\">&#8211;<strong>Concierto est\u00e1ndar<\/strong>:<\/span> Normalmente consta de 14-16 obras que pueden ser religiosas o profanas. La duraci\u00f3n var\u00eda entre 50 minutos y 1 hora. Aunque la especialidad del coro es la m\u00fasica renacentista: Misas, motetes, madrigales, etc; tambi\u00e9n tenemos en nuestro repertorio m\u00fasica posterior. Precio: 600\u20ac<\/p>\n<p style=\"text-align: justify;\"><span style=\"color: #0000ff;\">&#8211;<strong>Bodas, Comuniones, Bautizos, Misas<\/strong>.<\/span> Tambi\u00e9n actuamos en celebraciones lit\u00fargicas. En ellas interpretamos entre 6-8 obras [Entrada, entre lecturas, Ofertorio, Santo, Agnus Dei, Consentimiento (en bodas), Comuni\u00f3n y Salida]. Las obras se decidir\u00e1n en reuni\u00f3n previa con los organizadores y dentro del repertorio que ya tiene nuestro coro. El n\u00famero de obras y la duraci\u00f3n de las mismas variar\u00e1 dependiendo de las necesidades y deseo de los celebrantes y dentro de lo estipulado por el p\u00e1rroco. Precio a partir de 500\u20ac.<\/p>\n<p>Los precios pueden variar dependiendo de si el coro debe desplazarse al lugar de celebraci\u00f3n o si la duraci\u00f3n de la actuaci\u00f3n es superior a 1 hora. Nuestro coro act\u00faa generalmente \u00ab<em>a capella<\/em>\u00ab. es decir, sin instrumentos. Si se desea contratar instrumentistas \u00e9stos debieran ser contratados aparte.<\/p>\n<p style=\"text-align: justify;\"><span style=\"color: #0000ff;\">&#8211;<strong>Concierto did\u00e1ctico<\/strong>:<\/span> Este tipo de concierto lo acompa\u00f1amos de una presentaci\u00f3n de \u00abPower point\u00bb y de una explicaci\u00f3n por parte de uno de los miembros del coro. Durante la actuaci\u00f3n se va explicando lo que es un coro, qu\u00e9 tipo de voces lo componen, qu\u00e9 tipo de obras se cantan y un poco la evoluci\u00f3n de los estilos musicales. Este tipo de concierto ha sido enfocado hacia el p\u00fablico infantil, aunque lo tenemos adaptado tambi\u00e9n para personas mayores o el p\u00fablico en general. La duraci\u00f3n de la actividad es de 40-50 minutos. Precio: 400\u20ac<\/p>\n<p style=\"text-align: justify;\"><span style=\"color: #0000ff;\">&#8211;<strong>Concierto tem\u00e1tico<\/strong>:<\/span> Este tipo de concierto se realiza por encargo. Una vez analizado el tema, se prepara un audiovisual sobre el mismo y se interpretan canciones acorde con las im\u00e1genes que se van presentando. Un ejemplo de este tipo de concierto ser\u00eda la vida de un personaje hist\u00f3rico. Durante la actuaci\u00f3n se acompa\u00f1ar\u00edan textos de su vida y obra con im\u00e1genes alusivas, cant\u00e1ndose a continuaci\u00f3n obras corales de la \u00e9poca o relacionadas con los textos le\u00eddos. La duraci\u00f3n del concierto es de aproximadamente una hora o setenta minutos. Precio: 600\u20ac<\/p>\n<p style=\"text-align: justify;\">Para concertar un concierto pueden dejar un comentario en esta secci\u00f3n o contactar por correo electr\u00f3nico (corodemvsicaantiqva@yahoo.es). Muchas gracias.<\/p>\n","protected":false},"excerpt":{"rendered":"<p>El Coro \u00abDe Mvsica Antiqva\u00bb ofrece diversos tipos de conciertos\/actuaciones que pueden ser contratados, aunque dependiendo de las necesidades podemos adecuar dichas actuaciones a lo que se nos pida. Las tarifas del coro dependen del tipo de concierto y de &hellip; <a href=\"https:\/\/corodemusicaantiqua.com\/?page_id=78\">Sigue leyendo <span class=\"meta-nav\">&rarr;<\/span><\/a><\/p>\n","protected":false},"author":1,"featured_media":0,"parent":0,"menu_order":1,"comment_status":"open","ping_status":"closed","template":"","meta":{"footnotes":""},"class_list":["post-78","page","type-page","status-publish","hentry"],"_links":{"self":[{"href":"https:\/\/corodemusicaantiqua.com\/index.php?rest_route=\/wp\/v2\/pages\/78","targetHints":{"allow":["GET"]}}],"collection":[{"href":"https:\/\/corodemusicaantiqua.com\/index.php?rest_route=\/wp\/v2\/pages"}],"about":[{"href":"https:\/\/corodemusicaantiqua.com\/index.php?rest_route=\/wp\/v2\/types\/page"}],"author":[{"embeddable":true,"href":"https:\/\/corodemusicaantiqua.com\/index.php?rest_route=\/wp\/v2\/users\/1"}],"replies":[{"embeddable":true,"href":"https:\/\/corodemusicaantiqua.com\/index.php?rest_route=%2Fwp%2Fv2%2Fcomments&post=78"}],"version-history":[{"count":13,"href":"https:\/\/corodemusicaantiqua.com\/index.php?rest_route=\/wp\/v2\/pages\/78\/revisions"}],"predecessor-version":[{"id":1195,"href":"https:\/\/corodemusicaantiqua.com\/index.php?rest_route=\/wp\/v2\/pages\/78\/revisions\/1195"}],"wp:attachment":[{"href":"https:\/\/corodemusicaantiqua.com\/index.php?rest_route=%2Fwp%2Fv2%2Fmedia&parent=78"}],"curies":[{"name":"wp","href":"https:\/\/api.w.org\/{rel}","templated":true}]}}