{"id":92,"date":"2013-09-10T10:57:27","date_gmt":"2013-09-10T10:57:27","guid":{"rendered":"http:\/\/corodemusicaantiqua.com\/?page_id=92"},"modified":"2023-05-09T12:02:20","modified_gmt":"2023-05-09T10:02:20","slug":"contacto-2","status":"publish","type":"page","link":"https:\/\/corodemusicaantiqua.com\/?page_id=92","title":{"rendered":"Contacto"},"content":{"rendered":"<p style=\"text-align: justify;\">Obviamente, se puede emplear el blog para enviarnos cualquier comentario o hacer consultas. En cualquier caso, si se prefiere un m\u00e9todo m\u00e1s privado, nuestro correo electr\u00f3nico es:<\/p>\n<p><strong>corodemvsicaantiqva@yahoo.es<\/strong><\/p>\n<p>Tel\u00e9fono de contacto:<strong> 696660286<\/strong><\/p>\n","protected":false},"excerpt":{"rendered":"<p>Obviamente, se puede emplear el blog para enviarnos cualquier comentario o hacer consultas. En cualquier caso, si se prefiere un m\u00e9todo m\u00e1s privado, nuestro correo electr\u00f3nico es: corodemvsicaantiqva@yahoo.es Tel\u00e9fono de contacto: 696660286<\/p>\n","protected":false},"author":1,"featured_media":0,"parent":0,"menu_order":8,"comment_status":"open","ping_status":"closed","template":"","meta":{"footnotes":""},"class_list":["post-92","page","type-page","status-publish","hentry"],"_links":{"self":[{"href":"https:\/\/corodemusicaantiqua.com\/index.php?rest_route=\/wp\/v2\/pages\/92","targetHints":{"allow":["GET"]}}],"collection":[{"href":"https:\/\/corodemusicaantiqua.com\/index.php?rest_route=\/wp\/v2\/pages"}],"about":[{"href":"https:\/\/corodemusicaantiqua.com\/index.php?rest_route=\/wp\/v2\/types\/page"}],"author":[{"embeddable":true,"href":"https:\/\/corodemusicaantiqua.com\/index.php?rest_route=\/wp\/v2\/users\/1"}],"replies":[{"embeddable":true,"href":"https:\/\/corodemusicaantiqua.com\/index.php?rest_route=%2Fwp%2Fv2%2Fcomments&post=92"}],"version-history":[{"count":9,"href":"https:\/\/corodemusicaantiqua.com\/index.php?rest_route=\/wp\/v2\/pages\/92\/revisions"}],"predecessor-version":[{"id":564,"href":"https:\/\/corodemusicaantiqua.com\/index.php?rest_route=\/wp\/v2\/pages\/92\/revisions\/564"}],"wp:attachment":[{"href":"https:\/\/corodemusicaantiqua.com\/index.php?rest_route=%2Fwp%2Fv2%2Fmedia&parent=92"}],"curies":[{"name":"wp","href":"https:\/\/api.w.org\/{rel}","templated":true}]}}